{"id":234,"date":"2019-09-09T17:24:30","date_gmt":"2019-09-09T14:24:30","guid":{"rendered":"http:\/\/partnerkaart.test\/?page_id=234"},"modified":"2025-12-03T14:13:12","modified_gmt":"2025-12-03T12:13:12","slug":"mis-partnerprogramm","status":"publish","type":"page","link":"https:\/\/www.partnerkaart.ee\/et\/mis-partnerprogramm\/","title":{"rendered":"Mis on partnerprogramm?"},"content":{"rendered":"<div class=\"wp-block-image\">\n<figure class=\"alignright size-full is-resized\"><img loading=\"lazy\" decoding=\"async\" width=\"990\" height=\"606\" src=\"https:\/\/www.partnerkaart.ee\/wp-content\/uploads\/2023\/03\/partnerkaart-uus-2023.png\" alt=\"\" class=\"wp-image-3695\" style=\"width:330px;height:202px\" srcset=\"https:\/\/www.partnerkaart.ee\/wp-content\/uploads\/2023\/03\/partnerkaart-uus-2023.png 990w, https:\/\/www.partnerkaart.ee\/wp-content\/uploads\/2023\/03\/partnerkaart-uus-2023-300x184.png 300w, https:\/\/www.partnerkaart.ee\/wp-content\/uploads\/2023\/03\/partnerkaart-uus-2023-768x470.png 768w\" sizes=\"auto, (max-width: 990px) 100vw, 990px\" \/><\/figure>\n<\/div>\n\n\n<p class=\"partnerkaart\"><strong>Partnerkaardiga saad soodustusi ja kogud ostuboonust!<br>\nPartnerprogramm on mitmek\u00fclgne kliendikaart, millega saad allahindlusi ja personaalseid sooduspakkumisi. Lisaks kogud iga ostuga ostuboonust, mida saad kasutada juba j\u00e4rgmisel poesk\u00e4igul soodustuse saamiseks.<\/strong><\/p>\n\n\n\n<p>Partnerkaarti saad soovi korral kasutada ka maksmiseks.<strong>\u00a0Lisa oma Partnerkaardile sobiv\u00a0<\/strong><a href=\"https:\/\/www.partnerkaart.ee\/et\/partner-kuukaart\/\"><strong>Partner Kuukaardi<\/strong><\/a><strong>\u00a0teenus ja otsusta oma maksegraafiku \u00fcle ise.<\/strong>\u00a0V\u00f5id n\u00e4iteks maksta k\u00f5ikide eelmise kuu ostude eest korraga j\u00e4rgmisel kuul \u2013 just nii nagu elektri v\u00f5i interneti eest. V\u00f5id ka jagada suuremate ostude eest maksmise kolme kuu kuni kolme aasta pikkusele perioodile, kalkuleerides endale sobiva kuumakse.\u00a0<strong>Partnerkaarti vahetada ei ole vaja \u2013 sama kaart kehtib edasi ja ostude eest saad esimese arve j\u00e4rgmisel kalendrikuul.<\/strong>\u00a0Loe Partner Kuukaardi teenustest t\u00e4psemalt\u00a0<a href=\"https:\/\/www.partnerkaart.ee\/et\/partner-kuukaart\/\">siit<\/a>.<\/p>\n","protected":false},"excerpt":{"rendered":"<p>Partnerkaardiga saad soodustusi ja kogud ostuboonust! Partnerprogramm on mitmek\u00fclgne kliendikaart, millega saad allahindlusi ja personaalseid sooduspakkumisi. Lisaks kogud iga ostuga&hellip;<\/p>\n","protected":false},"author":11,"featured_media":0,"parent":0,"menu_order":0,"comment_status":"closed","ping_status":"closed","template":"page-partnerprogramm.php","meta":{"_acf_changed":false,"footnotes":""},"categories":[],"tags":[],"class_list":["post-234","page","type-page","status-publish","hentry"],"acf":[],"yoast_head":"<!-- This site is optimized with the Yoast SEO plugin v27.2 - https:\/\/yoast.com\/product\/yoast-seo-wordpress\/ -->\n<title>Mis on partnerprogramm? - Partnerkaart<\/title>\n<meta name=\"description\" content=\"Partnerkaardiga saad soodustusi ja kogud ostuboonust! Partnerprogramm on mitmek\u00fclgne kliendikaart, millega saad allahindlusi ja personaalseid sooduspakkumisi. Lisaks kogud iga ostuga ostuboonust, mida saad kasutada juba j\u00e4rgmisel poesk\u00e4igul soodustuse saamiseks.Partnerprogrammi kuuluvad kolm p\u00fcsikliendikaarti: Partnerkaart, Partner deebetkaart ja Partner krediitkaart.\" \/>\n<meta name=\"robots\" content=\"index, follow, max-snippet:-1, max-image-preview:large, max-video-preview:-1\" \/>\n<link rel=\"canonical\" href=\"https:\/\/www.partnerkaart.ee\/et\/mis-partnerprogramm\/\" \/>\n<meta property=\"og:locale\" content=\"et_EE\" \/>\n<meta property=\"og:type\" content=\"article\" \/>\n<meta property=\"og:title\" content=\"Mis on partnerprogramm? - Partnerkaart\" \/>\n<meta property=\"og:description\" content=\"Partnerkaardiga saad soodustusi ja kogud ostuboonust! Partnerprogramm on mitmek\u00fclgne kliendikaart, millega saad allahindlusi ja personaalseid sooduspakkumisi. Lisaks kogud iga ostuga ostuboonust, mida saad kasutada juba j\u00e4rgmisel poesk\u00e4igul soodustuse saamiseks.Partnerprogrammi kuuluvad kolm p\u00fcsikliendikaarti: Partnerkaart, Partner deebetkaart ja Partner krediitkaart.\" \/>\n<meta property=\"og:url\" content=\"https:\/\/www.partnerkaart.ee\/et\/mis-partnerprogramm\/\" \/>\n<meta property=\"og:site_name\" content=\"Partnerkaart\" \/>\n<meta property=\"article:modified_time\" content=\"2025-12-03T12:13:12+00:00\" \/>\n<meta property=\"og:image\" content=\"https:\/\/www.partnerkaart.ee\/wp-content\/uploads\/2023\/03\/partnerkaart-uus-2023.png\" \/>\n\t<meta property=\"og:image:width\" content=\"990\" \/>\n\t<meta property=\"og:image:height\" content=\"606\" \/>\n\t<meta property=\"og:image:type\" content=\"image\/png\" \/>\n<meta name=\"twitter:card\" content=\"summary_large_image\" \/>\n<meta name=\"twitter:label1\" content=\"Est. reading time\" \/>\n\t<meta name=\"twitter:data1\" content=\"1 minut\" \/>\n<script type=\"application\/ld+json\" class=\"yoast-schema-graph\">{\"@context\":\"https:\/\/schema.org\",\"@graph\":[{\"@type\":\"WebPage\",\"@id\":\"https:\/\/www.partnerkaart.ee\/et\/mis-partnerprogramm\/\",\"url\":\"https:\/\/www.partnerkaart.ee\/et\/mis-partnerprogramm\/\",\"name\":\"Mis on partnerprogramm? - Partnerkaart\",\"isPartOf\":{\"@id\":\"https:\/\/www.partnerkaart.ee\/et\/#website\"},\"primaryImageOfPage\":{\"@id\":\"https:\/\/www.partnerkaart.ee\/et\/mis-partnerprogramm\/#primaryimage\"},\"image\":{\"@id\":\"https:\/\/www.partnerkaart.ee\/et\/mis-partnerprogramm\/#primaryimage\"},\"thumbnailUrl\":\"https:\/\/www.partnerkaart.ee\/wp-content\/uploads\/2023\/03\/partnerkaart-uus-2023.png\",\"datePublished\":\"2019-09-09T14:24:30+00:00\",\"dateModified\":\"2025-12-03T12:13:12+00:00\",\"description\":\"Partnerkaardiga saad soodustusi ja kogud ostuboonust! Partnerprogramm on mitmek\u00fclgne kliendikaart, millega saad allahindlusi ja personaalseid sooduspakkumisi. Lisaks kogud iga ostuga ostuboonust, mida saad kasutada juba j\u00e4rgmisel poesk\u00e4igul soodustuse saamiseks.Partnerprogrammi kuuluvad kolm p\u00fcsikliendikaarti: Partnerkaart, Partner deebetkaart ja Partner krediitkaart.\",\"breadcrumb\":{\"@id\":\"https:\/\/www.partnerkaart.ee\/et\/mis-partnerprogramm\/#breadcrumb\"},\"inLanguage\":\"et\",\"potentialAction\":[{\"@type\":\"ReadAction\",\"target\":[\"https:\/\/www.partnerkaart.ee\/et\/mis-partnerprogramm\/\"]}]},{\"@type\":\"ImageObject\",\"inLanguage\":\"et\",\"@id\":\"https:\/\/www.partnerkaart.ee\/et\/mis-partnerprogramm\/#primaryimage\",\"url\":\"https:\/\/www.partnerkaart.ee\/wp-content\/uploads\/2023\/03\/partnerkaart-uus-2023.png\",\"contentUrl\":\"https:\/\/www.partnerkaart.ee\/wp-content\/uploads\/2023\/03\/partnerkaart-uus-2023.png\"},{\"@type\":\"BreadcrumbList\",\"@id\":\"https:\/\/www.partnerkaart.ee\/et\/mis-partnerprogramm\/#breadcrumb\",\"itemListElement\":[{\"@type\":\"ListItem\",\"position\":1,\"name\":\"Home\",\"item\":\"https:\/\/www.partnerkaart.ee\/et\/\"},{\"@type\":\"ListItem\",\"position\":2,\"name\":\"Mis on partnerprogramm?\"}]},{\"@type\":\"WebSite\",\"@id\":\"https:\/\/www.partnerkaart.ee\/et\/#website\",\"url\":\"https:\/\/www.partnerkaart.ee\/et\/\",\"name\":\"Partnerkaart\",\"description\":\"\",\"potentialAction\":[{\"@type\":\"SearchAction\",\"target\":{\"@type\":\"EntryPoint\",\"urlTemplate\":\"https:\/\/www.partnerkaart.ee\/et\/?s={search_term_string}\"},\"query-input\":{\"@type\":\"PropertyValueSpecification\",\"valueRequired\":true,\"valueName\":\"search_term_string\"}}],\"inLanguage\":\"et\"}]}<\/script>\n<!-- \/ Yoast SEO plugin. -->","yoast_head_json":{"title":"Mis on partnerprogramm? - Partnerkaart","description":"Partnerkaardiga saad soodustusi ja kogud ostuboonust! Partnerprogramm on mitmek\u00fclgne kliendikaart, millega saad allahindlusi ja personaalseid sooduspakkumisi. Lisaks kogud iga ostuga ostuboonust, mida saad kasutada juba j\u00e4rgmisel poesk\u00e4igul soodustuse saamiseks.Partnerprogrammi kuuluvad kolm p\u00fcsikliendikaarti: Partnerkaart, Partner deebetkaart ja Partner krediitkaart.","robots":{"index":"index","follow":"follow","max-snippet":"max-snippet:-1","max-image-preview":"max-image-preview:large","max-video-preview":"max-video-preview:-1"},"canonical":"https:\/\/www.partnerkaart.ee\/et\/mis-partnerprogramm\/","og_locale":"et_EE","og_type":"article","og_title":"Mis on partnerprogramm? - Partnerkaart","og_description":"Partnerkaardiga saad soodustusi ja kogud ostuboonust! Partnerprogramm on mitmek\u00fclgne kliendikaart, millega saad allahindlusi ja personaalseid sooduspakkumisi. Lisaks kogud iga ostuga ostuboonust, mida saad kasutada juba j\u00e4rgmisel poesk\u00e4igul soodustuse saamiseks.Partnerprogrammi kuuluvad kolm p\u00fcsikliendikaarti: Partnerkaart, Partner deebetkaart ja Partner krediitkaart.","og_url":"https:\/\/www.partnerkaart.ee\/et\/mis-partnerprogramm\/","og_site_name":"Partnerkaart","article_modified_time":"2025-12-03T12:13:12+00:00","og_image":[{"width":990,"height":606,"url":"https:\/\/www.partnerkaart.ee\/wp-content\/uploads\/2023\/03\/partnerkaart-uus-2023.png","type":"image\/png"}],"twitter_card":"summary_large_image","twitter_misc":{"Est. reading time":"1 minut"},"schema":{"@context":"https:\/\/schema.org","@graph":[{"@type":"WebPage","@id":"https:\/\/www.partnerkaart.ee\/et\/mis-partnerprogramm\/","url":"https:\/\/www.partnerkaart.ee\/et\/mis-partnerprogramm\/","name":"Mis on partnerprogramm? - Partnerkaart","isPartOf":{"@id":"https:\/\/www.partnerkaart.ee\/et\/#website"},"primaryImageOfPage":{"@id":"https:\/\/www.partnerkaart.ee\/et\/mis-partnerprogramm\/#primaryimage"},"image":{"@id":"https:\/\/www.partnerkaart.ee\/et\/mis-partnerprogramm\/#primaryimage"},"thumbnailUrl":"https:\/\/www.partnerkaart.ee\/wp-content\/uploads\/2023\/03\/partnerkaart-uus-2023.png","datePublished":"2019-09-09T14:24:30+00:00","dateModified":"2025-12-03T12:13:12+00:00","description":"Partnerkaardiga saad soodustusi ja kogud ostuboonust! Partnerprogramm on mitmek\u00fclgne kliendikaart, millega saad allahindlusi ja personaalseid sooduspakkumisi. Lisaks kogud iga ostuga ostuboonust, mida saad kasutada juba j\u00e4rgmisel poesk\u00e4igul soodustuse saamiseks.Partnerprogrammi kuuluvad kolm p\u00fcsikliendikaarti: Partnerkaart, Partner deebetkaart ja Partner krediitkaart.","breadcrumb":{"@id":"https:\/\/www.partnerkaart.ee\/et\/mis-partnerprogramm\/#breadcrumb"},"inLanguage":"et","potentialAction":[{"@type":"ReadAction","target":["https:\/\/www.partnerkaart.ee\/et\/mis-partnerprogramm\/"]}]},{"@type":"ImageObject","inLanguage":"et","@id":"https:\/\/www.partnerkaart.ee\/et\/mis-partnerprogramm\/#primaryimage","url":"https:\/\/www.partnerkaart.ee\/wp-content\/uploads\/2023\/03\/partnerkaart-uus-2023.png","contentUrl":"https:\/\/www.partnerkaart.ee\/wp-content\/uploads\/2023\/03\/partnerkaart-uus-2023.png"},{"@type":"BreadcrumbList","@id":"https:\/\/www.partnerkaart.ee\/et\/mis-partnerprogramm\/#breadcrumb","itemListElement":[{"@type":"ListItem","position":1,"name":"Home","item":"https:\/\/www.partnerkaart.ee\/et\/"},{"@type":"ListItem","position":2,"name":"Mis on partnerprogramm?"}]},{"@type":"WebSite","@id":"https:\/\/www.partnerkaart.ee\/et\/#website","url":"https:\/\/www.partnerkaart.ee\/et\/","name":"Partnerkaart","description":"","potentialAction":[{"@type":"SearchAction","target":{"@type":"EntryPoint","urlTemplate":"https:\/\/www.partnerkaart.ee\/et\/?s={search_term_string}"},"query-input":{"@type":"PropertyValueSpecification","valueRequired":true,"valueName":"search_term_string"}}],"inLanguage":"et"}]}},"_links":{"self":[{"href":"https:\/\/www.partnerkaart.ee\/et\/wp-json\/wp\/v2\/pages\/234","targetHints":{"allow":["GET"]}}],"collection":[{"href":"https:\/\/www.partnerkaart.ee\/et\/wp-json\/wp\/v2\/pages"}],"about":[{"href":"https:\/\/www.partnerkaart.ee\/et\/wp-json\/wp\/v2\/types\/page"}],"author":[{"embeddable":true,"href":"https:\/\/www.partnerkaart.ee\/et\/wp-json\/wp\/v2\/users\/11"}],"replies":[{"embeddable":true,"href":"https:\/\/www.partnerkaart.ee\/et\/wp-json\/wp\/v2\/comments?post=234"}],"version-history":[{"count":6,"href":"https:\/\/www.partnerkaart.ee\/et\/wp-json\/wp\/v2\/pages\/234\/revisions"}],"predecessor-version":[{"id":5262,"href":"https:\/\/www.partnerkaart.ee\/et\/wp-json\/wp\/v2\/pages\/234\/revisions\/5262"}],"wp:attachment":[{"href":"https:\/\/www.partnerkaart.ee\/et\/wp-json\/wp\/v2\/media?parent=234"}],"wp:term":[{"taxonomy":"category","embeddable":true,"href":"https:\/\/www.partnerkaart.ee\/et\/wp-json\/wp\/v2\/categories?post=234"},{"taxonomy":"post_tag","embeddable":true,"href":"https:\/\/www.partnerkaart.ee\/et\/wp-json\/wp\/v2\/tags?post=234"}],"curies":[{"name":"wp","href":"https:\/\/api.w.org\/{rel}","templated":true}]}}