{"id":248,"date":"2021-01-20T11:00:00","date_gmt":"2021-01-20T09:00:00","guid":{"rendered":"http:\/\/partnerkaart.test\/?page_id=248"},"modified":"2026-02-03T14:41:58","modified_gmt":"2026-02-03T12:41:58","slug":"mis-partnerkaart","status":"publish","type":"page","link":"https:\/\/www.partnerkaart.ee\/et\/mis-partnerkaart\/","title":{"rendered":"Mis on Partnerkaart?"},"content":{"rendered":"<div class=\"wp-block-image\">\n<figure class=\"alignright size-full is-resized\"><img loading=\"lazy\" decoding=\"async\" width=\"990\" height=\"606\" src=\"https:\/\/www.partnerkaart.ee\/wp-content\/uploads\/2023\/03\/partnerkaart-uus-2023.png\" alt=\"\" class=\"wp-image-3695\" style=\"width:330px;height:202px\" srcset=\"https:\/\/www.partnerkaart.ee\/wp-content\/uploads\/2023\/03\/partnerkaart-uus-2023.png 990w, https:\/\/www.partnerkaart.ee\/wp-content\/uploads\/2023\/03\/partnerkaart-uus-2023-300x184.png 300w, https:\/\/www.partnerkaart.ee\/wp-content\/uploads\/2023\/03\/partnerkaart-uus-2023-768x470.png 768w\" sizes=\"auto, (max-width: 990px) 100vw, 990px\" \/><\/figure>\n<\/div>\n\n\n<p>Partnerkaardi kasutajana saad&nbsp;<strong>k\u00f5ikidelt kaupadelt soodustust 5%<\/strong><\/p>\n\n\n\n<p>\u2022 Tallinna Kaubamajas<br>\u2022 Tartu Kaubamajas<br>\u2022 I.L.U. kauplustes<br>\u2022 L&#8217;Occitane&#8217;i kauplustes<br>(v.a Partnerkaardi pakkumised)<\/p>\n\n\n\n<p>Partnerkaardiga kogud igalt kulutatud eurolt \u00fche boonuspunkti, mis t\u00e4hendab, et saad k\u00f5ikidelt ostudelt 1 % soodustust. Boonuspunkte saad just Sulle sobival ajal m\u00f5neks toote ostuks \u00e4ra kasutada.<\/p>\n\n\n\n<p><strong>Selveri<\/strong>&nbsp;ja <strong>Delice&#8217;i<\/strong> kauplustes saad alati Partnerkaardiga&nbsp;<strong>kuni 30% soodustust<\/strong>&nbsp;kuni 300 eripakkumises olevalt tootelt.<\/p>\n\n\n\n<p>Partnerkaarti saad soovi korral kasutada ka maksmiseks.<strong>&nbsp;Lisa oma Partnerkaardile sobiv&nbsp;<\/strong><a href=\"https:\/\/www.partnerkaart.ee\/et\/partner-kuukaart\/\"><strong>Partner Kuukaardi<\/strong><\/a><strong>&nbsp;teenus ja otsusta oma maksegraafiku \u00fcle ise.<\/strong>&nbsp;V\u00f5id n\u00e4iteks maksta k\u00f5ikide eelmise kuu ostude eest korraga j\u00e4rgmisel kuul \u2013 just nii nagu elektri v\u00f5i interneti eest. V\u00f5id ka jagada suuremate ostude eest maksmise kolme kuu kuni kolme aasta pikkusele perioodile, kalkuleerides endale sobiva kuumakse. &nbsp;Partner Kuukaardi teenusega makstes kehtivad sulle k\u00f5ik Partnerkaardi soodustused ja samuti kogud iga kulutatud euro eest \u00fche punkti ostuboonust. Loe Partner Kuukaardi teenustest t\u00e4psemalt&nbsp;<a href=\"https:\/\/www.partnerkaart.ee\/et\/partner-kuukaart\/\">siit<\/a>.<\/p>\n\n\n\n<p>Kaubamajalt&nbsp;<strong>tasuta kliendiajakiri&nbsp;<a href=\"http:\/\/www.kaubamaja.ee\/hooaeg\">Hooaeg<\/a><\/strong> neli korda aastas neile p\u00fcsiklientidele, kes on k\u00fclastanud Kaubamaja viimase poole aasta jooksul aktiivselt ning soodustused Partnerkaardi koost\u00f6\u00f6partnerite juures.<\/p>\n\n\n\n<p><strong>S\u00fcnnip\u00e4evasoodustus 10%<\/strong><\/p>\n\n\n\n<p>Sinu s\u00fcnnip\u00e4eval ning sellele eelneval ja j\u00e4rgneval viiel p\u00e4eval on Kaubamajas, Selveris ja Delice\u00b4is, I.L.U. ja L&#8217;Occitane&#8217;i&nbsp;ilupoodides soodustuse suuruseks 10%.<\/p>\n\n\n\n<p>Liites oma l\u00e4hedased \u00fcheks peregrupiks, saad s\u00fcnnip\u00e4evasoodustust nii enda kui pereliikmete s\u00fcnnip\u00e4evadel. Loe lisa&nbsp;<a href=\"https:\/\/www.partnerkaart.ee\/et\/tingimused\/\">peregrupi tingimuste<\/a>&nbsp;kohta. Liida oma pere&nbsp;<a href=\"https:\/\/www.partnerkaart.ee\/iseteenindus\">iseteeninduses<\/a>.<\/p>\n\n\n\n<p><strong>Mugav Iseteenindus<\/strong><\/p>\n\n\n\n<p>K\u00f5igi Partnerkaardiga tehtud ostude t\u0161ekid on Sulle k\u00e4ttesaadavad Iseteeninduses: seal saad tutvuda oma ostuajalooga ning e-t\u0161eki v\u00e4lja printida. E-t\u0161ekk kehtib k\u00f5igis kauplustes v\u00f5rdselt tavaliste pabert\u0161ekkidega ostude tagastamisel, garantii kasutamisel jm. Vaata t\u00e4psemalt&nbsp;<a href=\"https:\/\/www.partnerkaart.ee\/iseteenindus\">iseteeninduses<\/a>.<\/p>\n\n\n\n<p><strong>Pane palun t\u00e4hele<\/strong><\/p>\n\n\n\n<p>P\u00fcsisoodustused ja s\u00fcnnip\u00e4evasoodustus ei laiene Partnerkaardi pakkumistele,\u00a0 tubakatoodetele, sh nikotiinipadjakestele, elektroonilistele sigarettidele,\u00a0tubatoodetega seotud tarvikutele, joogitaarale,\u00a0 perioodikale (rists\u00f5nad ja tegelusvihikud), lotopiletitele,\u00a0 Piletilevi piletitele,\u00a0 bussipiletitele ja s\u00f5idukaartidele, kinkekaartidele, sh Partner kinkekaardile,\u00a0 kohviautomaadi jookidele, \u00fcmbrikutele ja postmarkidele,\u00a0 k\u00f5nekaartidele ja k\u00f5neajale,\u00a0 PPA teenustasude dokumentide v\u00e4ljastamisele ning teenuskaupadele.<\/p>\n\n\n\n<p>Punkte ei kogu, kui Sa tasud Partnerkaardi, kinkekaardi, pandi, tubaka v\u00f5i tubakatoote, alkohoolse joogi eest ning kolmanda osapoole teatud teenuse v\u00f5i kauba eest (iluteenused Kaubamajas ja I.L.U. stuudiotes, k\u00f5nekaart, tellimiskaart, kuulutus, postmark, bussipilet, lotopilet, Rahva Raamatu e-kioski toode, kohviautomaadi toode Selveris, teatri-, kontserdi jm pilet ja\/v\u00f5i selle pileti teenustasu, heategevustoode, puhkuse- ja reisipakett vms. ). Boonuspunktidega tasumisel piiranguid ei ole ja soodustust saad k\u00f5ikidelt toodetelt.<\/p>\n","protected":false},"excerpt":{"rendered":"<p>Partnerkaardi kasutajana saad&nbsp;k\u00f5ikidelt kaupadelt soodustust 5% \u2022 Tallinna Kaubamajas\u2022 Tartu Kaubamajas\u2022 I.L.U. kauplustes\u2022 L&#8217;Occitane&#8217;i kauplustes(v.a Partnerkaardi pakkumised) Partnerkaardiga kogud igalt&hellip;<\/p>\n","protected":false},"author":11,"featured_media":0,"parent":0,"menu_order":0,"comment_status":"closed","ping_status":"closed","template":"page-partnerkaart.php","meta":{"_acf_changed":false,"footnotes":""},"categories":[],"tags":[],"class_list":["post-248","page","type-page","status-publish","hentry"],"acf":[],"yoast_head":"<!-- This site is optimized with the Yoast SEO plugin v27.2 - https:\/\/yoast.com\/product\/yoast-seo-wordpress\/ -->\n<title>Mis on Partnerkaart? - Partnerkaart<\/title>\n<meta name=\"description\" content=\"Partnerkaardi kasutajana saad k\u00f5ikidelt kaupadelt soodustust 5%\u2022 Tallinna Kaubamajas\u2022 Tartu Kaubamajas\u2022 ABC Kinga kauplustes\u2022 I.L.U. kauplustes\u2022 L\u00b4Occitane kauplustes(v.a Partnerkaardi pakkumised)\" \/>\n<meta name=\"robots\" content=\"index, follow, max-snippet:-1, max-image-preview:large, max-video-preview:-1\" \/>\n<link rel=\"canonical\" href=\"https:\/\/www.partnerkaart.ee\/et\/mis-partnerkaart\/\" \/>\n<meta property=\"og:locale\" content=\"et_EE\" \/>\n<meta property=\"og:type\" content=\"article\" \/>\n<meta property=\"og:title\" content=\"Mis on Partnerkaart? - Partnerkaart\" \/>\n<meta property=\"og:description\" content=\"Partnerkaardi kasutajana saad k\u00f5ikidelt kaupadelt soodustust 5%\u2022 Tallinna Kaubamajas\u2022 Tartu Kaubamajas\u2022 ABC Kinga kauplustes\u2022 I.L.U. kauplustes\u2022 L\u00b4Occitane kauplustes(v.a Partnerkaardi pakkumised)\" \/>\n<meta property=\"og:url\" content=\"https:\/\/www.partnerkaart.ee\/et\/mis-partnerkaart\/\" \/>\n<meta property=\"og:site_name\" content=\"Partnerkaart\" \/>\n<meta property=\"article:modified_time\" content=\"2026-02-03T12:41:58+00:00\" \/>\n<meta property=\"og:image\" content=\"https:\/\/www.partnerkaart.ee\/wp-content\/uploads\/2023\/03\/partnerkaart-uus-2023.png\" \/>\n\t<meta property=\"og:image:width\" content=\"990\" \/>\n\t<meta property=\"og:image:height\" content=\"606\" \/>\n\t<meta property=\"og:image:type\" content=\"image\/png\" \/>\n<meta name=\"twitter:card\" content=\"summary_large_image\" \/>\n<meta name=\"twitter:label1\" content=\"Est. reading time\" \/>\n\t<meta name=\"twitter:data1\" content=\"3 minutit\" \/>\n<script type=\"application\/ld+json\" class=\"yoast-schema-graph\">{\"@context\":\"https:\/\/schema.org\",\"@graph\":[{\"@type\":\"WebPage\",\"@id\":\"https:\/\/www.partnerkaart.ee\/et\/mis-partnerkaart\/\",\"url\":\"https:\/\/www.partnerkaart.ee\/et\/mis-partnerkaart\/\",\"name\":\"Mis on Partnerkaart? - Partnerkaart\",\"isPartOf\":{\"@id\":\"https:\/\/www.partnerkaart.ee\/et\/#website\"},\"primaryImageOfPage\":{\"@id\":\"https:\/\/www.partnerkaart.ee\/et\/mis-partnerkaart\/#primaryimage\"},\"image\":{\"@id\":\"https:\/\/www.partnerkaart.ee\/et\/mis-partnerkaart\/#primaryimage\"},\"thumbnailUrl\":\"https:\/\/www.partnerkaart.ee\/wp-content\/uploads\/2023\/03\/partnerkaart-uus-2023.png\",\"datePublished\":\"2021-01-20T09:00:00+00:00\",\"dateModified\":\"2026-02-03T12:41:58+00:00\",\"description\":\"Partnerkaardi kasutajana saad k\u00f5ikidelt kaupadelt soodustust 5%\u2022 Tallinna Kaubamajas\u2022 Tartu Kaubamajas\u2022 ABC Kinga kauplustes\u2022 I.L.U. kauplustes\u2022 L\u00b4Occitane kauplustes(v.a Partnerkaardi pakkumised)\",\"breadcrumb\":{\"@id\":\"https:\/\/www.partnerkaart.ee\/et\/mis-partnerkaart\/#breadcrumb\"},\"inLanguage\":\"et\",\"potentialAction\":[{\"@type\":\"ReadAction\",\"target\":[\"https:\/\/www.partnerkaart.ee\/et\/mis-partnerkaart\/\"]}]},{\"@type\":\"ImageObject\",\"inLanguage\":\"et\",\"@id\":\"https:\/\/www.partnerkaart.ee\/et\/mis-partnerkaart\/#primaryimage\",\"url\":\"https:\/\/www.partnerkaart.ee\/wp-content\/uploads\/2023\/03\/partnerkaart-uus-2023.png\",\"contentUrl\":\"https:\/\/www.partnerkaart.ee\/wp-content\/uploads\/2023\/03\/partnerkaart-uus-2023.png\"},{\"@type\":\"BreadcrumbList\",\"@id\":\"https:\/\/www.partnerkaart.ee\/et\/mis-partnerkaart\/#breadcrumb\",\"itemListElement\":[{\"@type\":\"ListItem\",\"position\":1,\"name\":\"Home\",\"item\":\"https:\/\/www.partnerkaart.ee\/et\/\"},{\"@type\":\"ListItem\",\"position\":2,\"name\":\"Mis on Partnerkaart?\"}]},{\"@type\":\"WebSite\",\"@id\":\"https:\/\/www.partnerkaart.ee\/et\/#website\",\"url\":\"https:\/\/www.partnerkaart.ee\/et\/\",\"name\":\"Partnerkaart\",\"description\":\"\",\"potentialAction\":[{\"@type\":\"SearchAction\",\"target\":{\"@type\":\"EntryPoint\",\"urlTemplate\":\"https:\/\/www.partnerkaart.ee\/et\/?s={search_term_string}\"},\"query-input\":{\"@type\":\"PropertyValueSpecification\",\"valueRequired\":true,\"valueName\":\"search_term_string\"}}],\"inLanguage\":\"et\"}]}<\/script>\n<!-- \/ Yoast SEO plugin. -->","yoast_head_json":{"title":"Mis on Partnerkaart? - Partnerkaart","description":"Partnerkaardi kasutajana saad k\u00f5ikidelt kaupadelt soodustust 5%\u2022 Tallinna Kaubamajas\u2022 Tartu Kaubamajas\u2022 ABC Kinga kauplustes\u2022 I.L.U. kauplustes\u2022 L\u00b4Occitane kauplustes(v.a Partnerkaardi pakkumised)","robots":{"index":"index","follow":"follow","max-snippet":"max-snippet:-1","max-image-preview":"max-image-preview:large","max-video-preview":"max-video-preview:-1"},"canonical":"https:\/\/www.partnerkaart.ee\/et\/mis-partnerkaart\/","og_locale":"et_EE","og_type":"article","og_title":"Mis on Partnerkaart? - Partnerkaart","og_description":"Partnerkaardi kasutajana saad k\u00f5ikidelt kaupadelt soodustust 5%\u2022 Tallinna Kaubamajas\u2022 Tartu Kaubamajas\u2022 ABC Kinga kauplustes\u2022 I.L.U. kauplustes\u2022 L\u00b4Occitane kauplustes(v.a Partnerkaardi pakkumised)","og_url":"https:\/\/www.partnerkaart.ee\/et\/mis-partnerkaart\/","og_site_name":"Partnerkaart","article_modified_time":"2026-02-03T12:41:58+00:00","og_image":[{"width":990,"height":606,"url":"https:\/\/www.partnerkaart.ee\/wp-content\/uploads\/2023\/03\/partnerkaart-uus-2023.png","type":"image\/png"}],"twitter_card":"summary_large_image","twitter_misc":{"Est. reading time":"3 minutit"},"schema":{"@context":"https:\/\/schema.org","@graph":[{"@type":"WebPage","@id":"https:\/\/www.partnerkaart.ee\/et\/mis-partnerkaart\/","url":"https:\/\/www.partnerkaart.ee\/et\/mis-partnerkaart\/","name":"Mis on Partnerkaart? - Partnerkaart","isPartOf":{"@id":"https:\/\/www.partnerkaart.ee\/et\/#website"},"primaryImageOfPage":{"@id":"https:\/\/www.partnerkaart.ee\/et\/mis-partnerkaart\/#primaryimage"},"image":{"@id":"https:\/\/www.partnerkaart.ee\/et\/mis-partnerkaart\/#primaryimage"},"thumbnailUrl":"https:\/\/www.partnerkaart.ee\/wp-content\/uploads\/2023\/03\/partnerkaart-uus-2023.png","datePublished":"2021-01-20T09:00:00+00:00","dateModified":"2026-02-03T12:41:58+00:00","description":"Partnerkaardi kasutajana saad k\u00f5ikidelt kaupadelt soodustust 5%\u2022 Tallinna Kaubamajas\u2022 Tartu Kaubamajas\u2022 ABC Kinga kauplustes\u2022 I.L.U. kauplustes\u2022 L\u00b4Occitane kauplustes(v.a Partnerkaardi pakkumised)","breadcrumb":{"@id":"https:\/\/www.partnerkaart.ee\/et\/mis-partnerkaart\/#breadcrumb"},"inLanguage":"et","potentialAction":[{"@type":"ReadAction","target":["https:\/\/www.partnerkaart.ee\/et\/mis-partnerkaart\/"]}]},{"@type":"ImageObject","inLanguage":"et","@id":"https:\/\/www.partnerkaart.ee\/et\/mis-partnerkaart\/#primaryimage","url":"https:\/\/www.partnerkaart.ee\/wp-content\/uploads\/2023\/03\/partnerkaart-uus-2023.png","contentUrl":"https:\/\/www.partnerkaart.ee\/wp-content\/uploads\/2023\/03\/partnerkaart-uus-2023.png"},{"@type":"BreadcrumbList","@id":"https:\/\/www.partnerkaart.ee\/et\/mis-partnerkaart\/#breadcrumb","itemListElement":[{"@type":"ListItem","position":1,"name":"Home","item":"https:\/\/www.partnerkaart.ee\/et\/"},{"@type":"ListItem","position":2,"name":"Mis on Partnerkaart?"}]},{"@type":"WebSite","@id":"https:\/\/www.partnerkaart.ee\/et\/#website","url":"https:\/\/www.partnerkaart.ee\/et\/","name":"Partnerkaart","description":"","potentialAction":[{"@type":"SearchAction","target":{"@type":"EntryPoint","urlTemplate":"https:\/\/www.partnerkaart.ee\/et\/?s={search_term_string}"},"query-input":{"@type":"PropertyValueSpecification","valueRequired":true,"valueName":"search_term_string"}}],"inLanguage":"et"}]}},"_links":{"self":[{"href":"https:\/\/www.partnerkaart.ee\/et\/wp-json\/wp\/v2\/pages\/248","targetHints":{"allow":["GET"]}}],"collection":[{"href":"https:\/\/www.partnerkaart.ee\/et\/wp-json\/wp\/v2\/pages"}],"about":[{"href":"https:\/\/www.partnerkaart.ee\/et\/wp-json\/wp\/v2\/types\/page"}],"author":[{"embeddable":true,"href":"https:\/\/www.partnerkaart.ee\/et\/wp-json\/wp\/v2\/users\/11"}],"replies":[{"embeddable":true,"href":"https:\/\/www.partnerkaart.ee\/et\/wp-json\/wp\/v2\/comments?post=248"}],"version-history":[{"count":8,"href":"https:\/\/www.partnerkaart.ee\/et\/wp-json\/wp\/v2\/pages\/248\/revisions"}],"predecessor-version":[{"id":5573,"href":"https:\/\/www.partnerkaart.ee\/et\/wp-json\/wp\/v2\/pages\/248\/revisions\/5573"}],"wp:attachment":[{"href":"https:\/\/www.partnerkaart.ee\/et\/wp-json\/wp\/v2\/media?parent=248"}],"wp:term":[{"taxonomy":"category","embeddable":true,"href":"https:\/\/www.partnerkaart.ee\/et\/wp-json\/wp\/v2\/categories?post=248"},{"taxonomy":"post_tag","embeddable":true,"href":"https:\/\/www.partnerkaart.ee\/et\/wp-json\/wp\/v2\/tags?post=248"}],"curies":[{"name":"wp","href":"https:\/\/api.w.org\/{rel}","templated":true}]}}