{"id":761,"date":"2019-09-13T11:19:47","date_gmt":"2019-09-13T08:19:47","guid":{"rendered":"http:\/\/partnerkaart.test\/?page_id=761"},"modified":"2025-12-05T17:55:22","modified_gmt":"2025-12-05T15:55:22","slug":"korduma-kippuvad-kusimused","status":"publish","type":"page","link":"https:\/\/www.partnerkaart.ee\/et\/korduma-kippuvad-kusimused\/","title":{"rendered":"Korduma Kippuvad K\u00fcsimused"},"content":{"rendered":"","protected":false},"excerpt":{"rendered":"","protected":false},"author":11,"featured_media":0,"parent":0,"menu_order":0,"comment_status":"closed","ping_status":"closed","template":"page-faq.php","meta":{"_acf_changed":false,"footnotes":""},"categories":[],"tags":[],"class_list":["post-761","page","type-page","status-publish","hentry"],"acf":[],"yoast_head":"<!-- This site is optimized with the Yoast SEO plugin v27.5 - https:\/\/yoast.com\/product\/yoast-seo-wordpress\/ -->\n<title>Korduma Kippuvad K\u00fcsimused - Partnerkaart<\/title>\n<meta name=\"description\" content=\"Kuidas saada Partnerkaarti? T\u00e4ida taotlus Tallinna v\u00f5i Tartu Kaubamaja v\u00f5i Selveri infoletis v\u00f5i veebis www.partnerkaart.ee. Taotlusvormil tuleb t\u00e4ita k\u00f5ik kohustuslikud v\u00e4ljad. Partnerkaardi lisakaardi saad vormistada Selveri v\u00f5i Kaubamaja infoletis ka oma 7- kuni 20-aastastele (20 k.a) lastele. Kaardi v\u00e4ljastamisel esita isikut t\u00f5endav dokument ja tasu kaardi maksumus. Nimelise kaardi saad infolauast kohe k\u00e4tte.\" \/>\n<meta name=\"robots\" content=\"index, follow, max-snippet:-1, max-image-preview:large, max-video-preview:-1\" \/>\n<link rel=\"canonical\" href=\"https:\/\/www.partnerkaart.ee\/et\/korduma-kippuvad-kusimused\/\" \/>\n<meta property=\"og:locale\" content=\"et_EE\" \/>\n<meta property=\"og:type\" content=\"article\" \/>\n<meta property=\"og:title\" content=\"Korduma Kippuvad K\u00fcsimused - Partnerkaart\" \/>\n<meta property=\"og:description\" content=\"Kuidas saada Partnerkaarti? T\u00e4ida taotlus Tallinna v\u00f5i Tartu Kaubamaja v\u00f5i Selveri infoletis v\u00f5i veebis www.partnerkaart.ee. Taotlusvormil tuleb t\u00e4ita k\u00f5ik kohustuslikud v\u00e4ljad. Partnerkaardi lisakaardi saad vormistada Selveri v\u00f5i Kaubamaja infoletis ka oma 7- kuni 20-aastastele (20 k.a) lastele. Kaardi v\u00e4ljastamisel esita isikut t\u00f5endav dokument ja tasu kaardi maksumus. Nimelise kaardi saad infolauast kohe k\u00e4tte.\" \/>\n<meta property=\"og:url\" content=\"https:\/\/www.partnerkaart.ee\/et\/korduma-kippuvad-kusimused\/\" \/>\n<meta property=\"og:site_name\" content=\"Partnerkaart\" \/>\n<meta property=\"article:modified_time\" content=\"2025-12-05T15:55:22+00:00\" \/>\n<meta name=\"twitter:card\" content=\"summary_large_image\" \/>\n<script type=\"application\/ld+json\" class=\"yoast-schema-graph\">{\"@context\":\"https:\\\/\\\/schema.org\",\"@graph\":[{\"@type\":\"WebPage\",\"@id\":\"https:\\\/\\\/www.partnerkaart.ee\\\/et\\\/korduma-kippuvad-kusimused\\\/\",\"url\":\"https:\\\/\\\/www.partnerkaart.ee\\\/et\\\/korduma-kippuvad-kusimused\\\/\",\"name\":\"Korduma Kippuvad K\u00fcsimused - Partnerkaart\",\"isPartOf\":{\"@id\":\"https:\\\/\\\/www.partnerkaart.ee\\\/et\\\/#website\"},\"datePublished\":\"2019-09-13T08:19:47+00:00\",\"dateModified\":\"2025-12-05T15:55:22+00:00\",\"description\":\"Kuidas saada Partnerkaarti? T\u00e4ida taotlus Tallinna v\u00f5i Tartu Kaubamaja v\u00f5i Selveri infoletis v\u00f5i veebis www.partnerkaart.ee. Taotlusvormil tuleb t\u00e4ita k\u00f5ik kohustuslikud v\u00e4ljad. Partnerkaardi lisakaardi saad vormistada Selveri v\u00f5i Kaubamaja infoletis ka oma 7- kuni 20-aastastele (20 k.a) lastele. Kaardi v\u00e4ljastamisel esita isikut t\u00f5endav dokument ja tasu kaardi maksumus. Nimelise kaardi saad infolauast kohe k\u00e4tte.\",\"breadcrumb\":{\"@id\":\"https:\\\/\\\/www.partnerkaart.ee\\\/et\\\/korduma-kippuvad-kusimused\\\/#breadcrumb\"},\"inLanguage\":\"et\",\"potentialAction\":[{\"@type\":\"ReadAction\",\"target\":[\"https:\\\/\\\/www.partnerkaart.ee\\\/et\\\/korduma-kippuvad-kusimused\\\/\"]}]},{\"@type\":\"BreadcrumbList\",\"@id\":\"https:\\\/\\\/www.partnerkaart.ee\\\/et\\\/korduma-kippuvad-kusimused\\\/#breadcrumb\",\"itemListElement\":[{\"@type\":\"ListItem\",\"position\":1,\"name\":\"Home\",\"item\":\"https:\\\/\\\/www.partnerkaart.ee\\\/et\\\/\"},{\"@type\":\"ListItem\",\"position\":2,\"name\":\"Korduma Kippuvad K\u00fcsimused\"}]},{\"@type\":\"WebSite\",\"@id\":\"https:\\\/\\\/www.partnerkaart.ee\\\/et\\\/#website\",\"url\":\"https:\\\/\\\/www.partnerkaart.ee\\\/et\\\/\",\"name\":\"Partnerkaart\",\"description\":\"\",\"potentialAction\":[{\"@type\":\"SearchAction\",\"target\":{\"@type\":\"EntryPoint\",\"urlTemplate\":\"https:\\\/\\\/www.partnerkaart.ee\\\/et\\\/?s={search_term_string}\"},\"query-input\":{\"@type\":\"PropertyValueSpecification\",\"valueRequired\":true,\"valueName\":\"search_term_string\"}}],\"inLanguage\":\"et\"}]}<\/script>\n<!-- \/ Yoast SEO plugin. -->","yoast_head_json":{"title":"Korduma Kippuvad K\u00fcsimused - Partnerkaart","description":"Kuidas saada Partnerkaarti? T\u00e4ida taotlus Tallinna v\u00f5i Tartu Kaubamaja v\u00f5i Selveri infoletis v\u00f5i veebis www.partnerkaart.ee. Taotlusvormil tuleb t\u00e4ita k\u00f5ik kohustuslikud v\u00e4ljad. Partnerkaardi lisakaardi saad vormistada Selveri v\u00f5i Kaubamaja infoletis ka oma 7- kuni 20-aastastele (20 k.a) lastele. Kaardi v\u00e4ljastamisel esita isikut t\u00f5endav dokument ja tasu kaardi maksumus. Nimelise kaardi saad infolauast kohe k\u00e4tte.","robots":{"index":"index","follow":"follow","max-snippet":"max-snippet:-1","max-image-preview":"max-image-preview:large","max-video-preview":"max-video-preview:-1"},"canonical":"https:\/\/www.partnerkaart.ee\/et\/korduma-kippuvad-kusimused\/","og_locale":"et_EE","og_type":"article","og_title":"Korduma Kippuvad K\u00fcsimused - Partnerkaart","og_description":"Kuidas saada Partnerkaarti? T\u00e4ida taotlus Tallinna v\u00f5i Tartu Kaubamaja v\u00f5i Selveri infoletis v\u00f5i veebis www.partnerkaart.ee. Taotlusvormil tuleb t\u00e4ita k\u00f5ik kohustuslikud v\u00e4ljad. Partnerkaardi lisakaardi saad vormistada Selveri v\u00f5i Kaubamaja infoletis ka oma 7- kuni 20-aastastele (20 k.a) lastele. Kaardi v\u00e4ljastamisel esita isikut t\u00f5endav dokument ja tasu kaardi maksumus. Nimelise kaardi saad infolauast kohe k\u00e4tte.","og_url":"https:\/\/www.partnerkaart.ee\/et\/korduma-kippuvad-kusimused\/","og_site_name":"Partnerkaart","article_modified_time":"2025-12-05T15:55:22+00:00","twitter_card":"summary_large_image","schema":{"@context":"https:\/\/schema.org","@graph":[{"@type":"WebPage","@id":"https:\/\/www.partnerkaart.ee\/et\/korduma-kippuvad-kusimused\/","url":"https:\/\/www.partnerkaart.ee\/et\/korduma-kippuvad-kusimused\/","name":"Korduma Kippuvad K\u00fcsimused - Partnerkaart","isPartOf":{"@id":"https:\/\/www.partnerkaart.ee\/et\/#website"},"datePublished":"2019-09-13T08:19:47+00:00","dateModified":"2025-12-05T15:55:22+00:00","description":"Kuidas saada Partnerkaarti? T\u00e4ida taotlus Tallinna v\u00f5i Tartu Kaubamaja v\u00f5i Selveri infoletis v\u00f5i veebis www.partnerkaart.ee. Taotlusvormil tuleb t\u00e4ita k\u00f5ik kohustuslikud v\u00e4ljad. Partnerkaardi lisakaardi saad vormistada Selveri v\u00f5i Kaubamaja infoletis ka oma 7- kuni 20-aastastele (20 k.a) lastele. Kaardi v\u00e4ljastamisel esita isikut t\u00f5endav dokument ja tasu kaardi maksumus. Nimelise kaardi saad infolauast kohe k\u00e4tte.","breadcrumb":{"@id":"https:\/\/www.partnerkaart.ee\/et\/korduma-kippuvad-kusimused\/#breadcrumb"},"inLanguage":"et","potentialAction":[{"@type":"ReadAction","target":["https:\/\/www.partnerkaart.ee\/et\/korduma-kippuvad-kusimused\/"]}]},{"@type":"BreadcrumbList","@id":"https:\/\/www.partnerkaart.ee\/et\/korduma-kippuvad-kusimused\/#breadcrumb","itemListElement":[{"@type":"ListItem","position":1,"name":"Home","item":"https:\/\/www.partnerkaart.ee\/et\/"},{"@type":"ListItem","position":2,"name":"Korduma Kippuvad K\u00fcsimused"}]},{"@type":"WebSite","@id":"https:\/\/www.partnerkaart.ee\/et\/#website","url":"https:\/\/www.partnerkaart.ee\/et\/","name":"Partnerkaart","description":"","potentialAction":[{"@type":"SearchAction","target":{"@type":"EntryPoint","urlTemplate":"https:\/\/www.partnerkaart.ee\/et\/?s={search_term_string}"},"query-input":{"@type":"PropertyValueSpecification","valueRequired":true,"valueName":"search_term_string"}}],"inLanguage":"et"}]}},"_links":{"self":[{"href":"https:\/\/www.partnerkaart.ee\/et\/wp-json\/wp\/v2\/pages\/761","targetHints":{"allow":["GET"]}}],"collection":[{"href":"https:\/\/www.partnerkaart.ee\/et\/wp-json\/wp\/v2\/pages"}],"about":[{"href":"https:\/\/www.partnerkaart.ee\/et\/wp-json\/wp\/v2\/types\/page"}],"author":[{"embeddable":true,"href":"https:\/\/www.partnerkaart.ee\/et\/wp-json\/wp\/v2\/users\/11"}],"replies":[{"embeddable":true,"href":"https:\/\/www.partnerkaart.ee\/et\/wp-json\/wp\/v2\/comments?post=761"}],"version-history":[{"count":6,"href":"https:\/\/www.partnerkaart.ee\/et\/wp-json\/wp\/v2\/pages\/761\/revisions"}],"predecessor-version":[{"id":5575,"href":"https:\/\/www.partnerkaart.ee\/et\/wp-json\/wp\/v2\/pages\/761\/revisions\/5575"}],"wp:attachment":[{"href":"https:\/\/www.partnerkaart.ee\/et\/wp-json\/wp\/v2\/media?parent=761"}],"wp:term":[{"taxonomy":"category","embeddable":true,"href":"https:\/\/www.partnerkaart.ee\/et\/wp-json\/wp\/v2\/categories?post=761"},{"taxonomy":"post_tag","embeddable":true,"href":"https:\/\/www.partnerkaart.ee\/et\/wp-json\/wp\/v2\/tags?post=761"}],"curies":[{"name":"wp","href":"https:\/\/api.w.org\/{rel}","templated":true}]}}