{"id":766,"date":"2019-09-13T11:50:54","date_gmt":"2019-09-13T08:50:54","guid":{"rendered":"http:\/\/partnerkaart.test\/?page_id=766"},"modified":"2026-03-10T14:23:36","modified_gmt":"2026-03-10T12:23:36","slug":"kuidas-partnerkaarti-kasutada","status":"publish","type":"page","link":"https:\/\/www.partnerkaart.ee\/et\/kuidas-partnerkaarti-kasutada\/","title":{"rendered":"Kuidas Partnerkaarti kasutada?"},"content":{"rendered":"\n<figure class=\"wp-block-image size-large\"><img loading=\"lazy\" decoding=\"async\" width=\"330\" height=\"213\" src=\"https:\/\/www.partnerkaart.ee\/wp-content\/uploads\/2021\/02\/partnerkaart-suur.png\" alt=\"\" class=\"wp-image-2000\" srcset=\"https:\/\/www.partnerkaart.ee\/wp-content\/uploads\/2021\/02\/partnerkaart-suur.png 330w, https:\/\/www.partnerkaart.ee\/wp-content\/uploads\/2021\/02\/partnerkaart-suur-300x194.png 300w\" sizes=\"auto, (max-width: 330px) 100vw, 330px\" \/><\/figure>\n\n\n\n<ul class=\"wp-block-list\">\n<li>Kaupade v\u00f5i teenuste eest tasumisel esita palun teenindajale alati Partnerkaart.<\/li>\n\n\n\n<li>Plastist Partnerkaart on viipev\u00f5imalusega ja kaardi registreerimiseks piisab, kui viipad kaardiga terminali kohal.<\/li>\n\n\n\n<li>Partnerkaardi \u00e4pis saad kasutada digitaalset Partnerkaarti. Partnerkaardi registreerimiseks vajuta \u00e4pi avalehel nuppu \u201eEsita Partnerkaart\u201c ja skaneeri kassaekraanil olevat QR-koodi.<\/li>\n\n\n\n<li>Partnerkaart on kasutamiseks ainult Partnerkaardi kasutajale vastavalt Partnerprogrammi tingimustele ning Partnerkaardi kehtivuse ajal.<\/li>\n\n\n\n<li>Plastist Partnerkaardi kaotamise v\u00f5i varguse korral palun teata sellest viivitamatult kas Kaubamaja, Selveri v\u00f5i Delice\u2019i infoletti, v\u00f5ta \u00fchendust infotelefonil 667 3444 v\u00f5i sulge kaart ise Partnerkaardi <a href=\"https:\/\/www.partnerkaart.ee\/iseteenindus\/\">iseteeninduskeskkonnas<\/a>.<\/li>\n\n\n\n<li>Soovi korral ja Partnerkaardi duplikaadi maksumuse tasumisel v\u00e4ljastatakse uus plastist Partnerkaart. <strong>Eelista virtuaalkaarti, kui ostled peamiselt Partnerkaardi \u00e4piga ja e-poes. Saad seda kohe kasutada ning see on Sulle turvaline ja tasuta. <\/strong>Virtuaalse Partnerkaardiga hoiad loodust ja v\u00e4ldid plastij\u00e4\u00e4tmeid! <\/li>\n<\/ul>\n","protected":false},"excerpt":{"rendered":"","protected":false},"author":11,"featured_media":0,"parent":0,"menu_order":0,"comment_status":"closed","ping_status":"closed","template":"page-partnerkaart.php","meta":{"_acf_changed":false,"footnotes":""},"categories":[],"tags":[],"class_list":["post-766","page","type-page","status-publish","hentry"],"acf":[],"yoast_head":"<!-- This site is optimized with the Yoast SEO plugin v27.2 - https:\/\/yoast.com\/product\/yoast-seo-wordpress\/ -->\n<title>Kuidas Partnerkaarti kasutada? - Partnerkaart<\/title>\n<meta name=\"description\" content=\"Kaupade v\u00f5i teenuste eest tasumisel palun esita teenindajale alati Partnerkaart.Partnerkaart on personaalne, sellele on m\u00e4rgitud kaardi kasutaja ees- ja perekonnanimi ning kaardi kehtivusaeg.Partnerkaart on kasutamiseks ainult Partnerkaardi kasutajale vastavalt Partnerprogrammi tingimustele ning ainult Partnerkaardi kehtivuse ajal.Partnerkaardi kasutaja isiku kontrollimiseks on teenindajal \u00f5igus paluda kaardi esitajal\" \/>\n<meta name=\"robots\" content=\"index, follow, max-snippet:-1, max-image-preview:large, max-video-preview:-1\" \/>\n<link rel=\"canonical\" href=\"https:\/\/www.partnerkaart.ee\/et\/kuidas-partnerkaarti-kasutada\/\" \/>\n<meta property=\"og:locale\" content=\"et_EE\" \/>\n<meta property=\"og:type\" content=\"article\" \/>\n<meta property=\"og:title\" content=\"Kuidas Partnerkaarti kasutada? - Partnerkaart\" \/>\n<meta property=\"og:description\" content=\"Kaupade v\u00f5i teenuste eest tasumisel palun esita teenindajale alati Partnerkaart.Partnerkaart on personaalne, sellele on m\u00e4rgitud kaardi kasutaja ees- ja perekonnanimi ning kaardi kehtivusaeg.Partnerkaart on kasutamiseks ainult Partnerkaardi kasutajale vastavalt Partnerprogrammi tingimustele ning ainult Partnerkaardi kehtivuse ajal.Partnerkaardi kasutaja isiku kontrollimiseks on teenindajal \u00f5igus paluda kaardi esitajal\" \/>\n<meta property=\"og:url\" content=\"https:\/\/www.partnerkaart.ee\/et\/kuidas-partnerkaarti-kasutada\/\" \/>\n<meta property=\"og:site_name\" content=\"Partnerkaart\" \/>\n<meta property=\"article:modified_time\" content=\"2026-03-10T12:23:36+00:00\" \/>\n<meta property=\"og:image\" content=\"https:\/\/www.partnerkaart.ee\/wp-content\/uploads\/2021\/02\/partnerkaart-suur.png\" \/>\n\t<meta property=\"og:image:width\" content=\"330\" \/>\n\t<meta property=\"og:image:height\" content=\"213\" \/>\n\t<meta property=\"og:image:type\" content=\"image\/png\" \/>\n<meta name=\"twitter:card\" content=\"summary_large_image\" \/>\n<meta name=\"twitter:label1\" content=\"Est. reading time\" \/>\n\t<meta name=\"twitter:data1\" content=\"1 minut\" \/>\n<script type=\"application\/ld+json\" class=\"yoast-schema-graph\">{\"@context\":\"https:\/\/schema.org\",\"@graph\":[{\"@type\":\"WebPage\",\"@id\":\"https:\/\/www.partnerkaart.ee\/et\/kuidas-partnerkaarti-kasutada\/\",\"url\":\"https:\/\/www.partnerkaart.ee\/et\/kuidas-partnerkaarti-kasutada\/\",\"name\":\"Kuidas Partnerkaarti kasutada? - Partnerkaart\",\"isPartOf\":{\"@id\":\"https:\/\/www.partnerkaart.ee\/et\/#website\"},\"primaryImageOfPage\":{\"@id\":\"https:\/\/www.partnerkaart.ee\/et\/kuidas-partnerkaarti-kasutada\/#primaryimage\"},\"image\":{\"@id\":\"https:\/\/www.partnerkaart.ee\/et\/kuidas-partnerkaarti-kasutada\/#primaryimage\"},\"thumbnailUrl\":\"https:\/\/www.partnerkaart.ee\/wp-content\/uploads\/2021\/02\/partnerkaart-suur.png\",\"datePublished\":\"2019-09-13T08:50:54+00:00\",\"dateModified\":\"2026-03-10T12:23:36+00:00\",\"description\":\"Kaupade v\u00f5i teenuste eest tasumisel palun esita teenindajale alati Partnerkaart.Partnerkaart on personaalne, sellele on m\u00e4rgitud kaardi kasutaja ees- ja perekonnanimi ning kaardi kehtivusaeg.Partnerkaart on kasutamiseks ainult Partnerkaardi kasutajale vastavalt Partnerprogrammi tingimustele ning ainult Partnerkaardi kehtivuse ajal.Partnerkaardi kasutaja isiku kontrollimiseks on teenindajal \u00f5igus paluda kaardi esitajal\",\"breadcrumb\":{\"@id\":\"https:\/\/www.partnerkaart.ee\/et\/kuidas-partnerkaarti-kasutada\/#breadcrumb\"},\"inLanguage\":\"et\",\"potentialAction\":[{\"@type\":\"ReadAction\",\"target\":[\"https:\/\/www.partnerkaart.ee\/et\/kuidas-partnerkaarti-kasutada\/\"]}]},{\"@type\":\"ImageObject\",\"inLanguage\":\"et\",\"@id\":\"https:\/\/www.partnerkaart.ee\/et\/kuidas-partnerkaarti-kasutada\/#primaryimage\",\"url\":\"https:\/\/www.partnerkaart.ee\/wp-content\/uploads\/2021\/02\/partnerkaart-suur.png\",\"contentUrl\":\"https:\/\/www.partnerkaart.ee\/wp-content\/uploads\/2021\/02\/partnerkaart-suur.png\"},{\"@type\":\"BreadcrumbList\",\"@id\":\"https:\/\/www.partnerkaart.ee\/et\/kuidas-partnerkaarti-kasutada\/#breadcrumb\",\"itemListElement\":[{\"@type\":\"ListItem\",\"position\":1,\"name\":\"Home\",\"item\":\"https:\/\/www.partnerkaart.ee\/et\/\"},{\"@type\":\"ListItem\",\"position\":2,\"name\":\"Kuidas Partnerkaarti kasutada?\"}]},{\"@type\":\"WebSite\",\"@id\":\"https:\/\/www.partnerkaart.ee\/et\/#website\",\"url\":\"https:\/\/www.partnerkaart.ee\/et\/\",\"name\":\"Partnerkaart\",\"description\":\"\",\"potentialAction\":[{\"@type\":\"SearchAction\",\"target\":{\"@type\":\"EntryPoint\",\"urlTemplate\":\"https:\/\/www.partnerkaart.ee\/et\/?s={search_term_string}\"},\"query-input\":{\"@type\":\"PropertyValueSpecification\",\"valueRequired\":true,\"valueName\":\"search_term_string\"}}],\"inLanguage\":\"et\"}]}<\/script>\n<!-- \/ Yoast SEO plugin. -->","yoast_head_json":{"title":"Kuidas Partnerkaarti kasutada? - Partnerkaart","description":"Kaupade v\u00f5i teenuste eest tasumisel palun esita teenindajale alati Partnerkaart.Partnerkaart on personaalne, sellele on m\u00e4rgitud kaardi kasutaja ees- ja perekonnanimi ning kaardi kehtivusaeg.Partnerkaart on kasutamiseks ainult Partnerkaardi kasutajale vastavalt Partnerprogrammi tingimustele ning ainult Partnerkaardi kehtivuse ajal.Partnerkaardi kasutaja isiku kontrollimiseks on teenindajal \u00f5igus paluda kaardi esitajal","robots":{"index":"index","follow":"follow","max-snippet":"max-snippet:-1","max-image-preview":"max-image-preview:large","max-video-preview":"max-video-preview:-1"},"canonical":"https:\/\/www.partnerkaart.ee\/et\/kuidas-partnerkaarti-kasutada\/","og_locale":"et_EE","og_type":"article","og_title":"Kuidas Partnerkaarti kasutada? - Partnerkaart","og_description":"Kaupade v\u00f5i teenuste eest tasumisel palun esita teenindajale alati Partnerkaart.Partnerkaart on personaalne, sellele on m\u00e4rgitud kaardi kasutaja ees- ja perekonnanimi ning kaardi kehtivusaeg.Partnerkaart on kasutamiseks ainult Partnerkaardi kasutajale vastavalt Partnerprogrammi tingimustele ning ainult Partnerkaardi kehtivuse ajal.Partnerkaardi kasutaja isiku kontrollimiseks on teenindajal \u00f5igus paluda kaardi esitajal","og_url":"https:\/\/www.partnerkaart.ee\/et\/kuidas-partnerkaarti-kasutada\/","og_site_name":"Partnerkaart","article_modified_time":"2026-03-10T12:23:36+00:00","og_image":[{"width":330,"height":213,"url":"https:\/\/www.partnerkaart.ee\/wp-content\/uploads\/2021\/02\/partnerkaart-suur.png","type":"image\/png"}],"twitter_card":"summary_large_image","twitter_misc":{"Est. reading time":"1 minut"},"schema":{"@context":"https:\/\/schema.org","@graph":[{"@type":"WebPage","@id":"https:\/\/www.partnerkaart.ee\/et\/kuidas-partnerkaarti-kasutada\/","url":"https:\/\/www.partnerkaart.ee\/et\/kuidas-partnerkaarti-kasutada\/","name":"Kuidas Partnerkaarti kasutada? - Partnerkaart","isPartOf":{"@id":"https:\/\/www.partnerkaart.ee\/et\/#website"},"primaryImageOfPage":{"@id":"https:\/\/www.partnerkaart.ee\/et\/kuidas-partnerkaarti-kasutada\/#primaryimage"},"image":{"@id":"https:\/\/www.partnerkaart.ee\/et\/kuidas-partnerkaarti-kasutada\/#primaryimage"},"thumbnailUrl":"https:\/\/www.partnerkaart.ee\/wp-content\/uploads\/2021\/02\/partnerkaart-suur.png","datePublished":"2019-09-13T08:50:54+00:00","dateModified":"2026-03-10T12:23:36+00:00","description":"Kaupade v\u00f5i teenuste eest tasumisel palun esita teenindajale alati Partnerkaart.Partnerkaart on personaalne, sellele on m\u00e4rgitud kaardi kasutaja ees- ja perekonnanimi ning kaardi kehtivusaeg.Partnerkaart on kasutamiseks ainult Partnerkaardi kasutajale vastavalt Partnerprogrammi tingimustele ning ainult Partnerkaardi kehtivuse ajal.Partnerkaardi kasutaja isiku kontrollimiseks on teenindajal \u00f5igus paluda kaardi esitajal","breadcrumb":{"@id":"https:\/\/www.partnerkaart.ee\/et\/kuidas-partnerkaarti-kasutada\/#breadcrumb"},"inLanguage":"et","potentialAction":[{"@type":"ReadAction","target":["https:\/\/www.partnerkaart.ee\/et\/kuidas-partnerkaarti-kasutada\/"]}]},{"@type":"ImageObject","inLanguage":"et","@id":"https:\/\/www.partnerkaart.ee\/et\/kuidas-partnerkaarti-kasutada\/#primaryimage","url":"https:\/\/www.partnerkaart.ee\/wp-content\/uploads\/2021\/02\/partnerkaart-suur.png","contentUrl":"https:\/\/www.partnerkaart.ee\/wp-content\/uploads\/2021\/02\/partnerkaart-suur.png"},{"@type":"BreadcrumbList","@id":"https:\/\/www.partnerkaart.ee\/et\/kuidas-partnerkaarti-kasutada\/#breadcrumb","itemListElement":[{"@type":"ListItem","position":1,"name":"Home","item":"https:\/\/www.partnerkaart.ee\/et\/"},{"@type":"ListItem","position":2,"name":"Kuidas Partnerkaarti kasutada?"}]},{"@type":"WebSite","@id":"https:\/\/www.partnerkaart.ee\/et\/#website","url":"https:\/\/www.partnerkaart.ee\/et\/","name":"Partnerkaart","description":"","potentialAction":[{"@type":"SearchAction","target":{"@type":"EntryPoint","urlTemplate":"https:\/\/www.partnerkaart.ee\/et\/?s={search_term_string}"},"query-input":{"@type":"PropertyValueSpecification","valueRequired":true,"valueName":"search_term_string"}}],"inLanguage":"et"}]}},"_links":{"self":[{"href":"https:\/\/www.partnerkaart.ee\/et\/wp-json\/wp\/v2\/pages\/766","targetHints":{"allow":["GET"]}}],"collection":[{"href":"https:\/\/www.partnerkaart.ee\/et\/wp-json\/wp\/v2\/pages"}],"about":[{"href":"https:\/\/www.partnerkaart.ee\/et\/wp-json\/wp\/v2\/types\/page"}],"author":[{"embeddable":true,"href":"https:\/\/www.partnerkaart.ee\/et\/wp-json\/wp\/v2\/users\/11"}],"replies":[{"embeddable":true,"href":"https:\/\/www.partnerkaart.ee\/et\/wp-json\/wp\/v2\/comments?post=766"}],"version-history":[{"count":2,"href":"https:\/\/www.partnerkaart.ee\/et\/wp-json\/wp\/v2\/pages\/766\/revisions"}],"predecessor-version":[{"id":5647,"href":"https:\/\/www.partnerkaart.ee\/et\/wp-json\/wp\/v2\/pages\/766\/revisions\/5647"}],"wp:attachment":[{"href":"https:\/\/www.partnerkaart.ee\/et\/wp-json\/wp\/v2\/media?parent=766"}],"wp:term":[{"taxonomy":"category","embeddable":true,"href":"https:\/\/www.partnerkaart.ee\/et\/wp-json\/wp\/v2\/categories?post=766"},{"taxonomy":"post_tag","embeddable":true,"href":"https:\/\/www.partnerkaart.ee\/et\/wp-json\/wp\/v2\/tags?post=766"}],"curies":[{"name":"wp","href":"https:\/\/api.w.org\/{rel}","templated":true}]}}