{"id":769,"date":"2019-09-13T11:51:43","date_gmt":"2019-09-13T08:51:43","guid":{"rendered":"http:\/\/partnerkaart.test\/?page_id=769"},"modified":"2026-03-10T14:56:45","modified_gmt":"2026-03-10T12:56:45","slug":"partnerkaardi-hind","status":"publish","type":"page","link":"https:\/\/www.partnerkaart.ee\/et\/partnerkaardi-hind\/","title":{"rendered":"Partnerkaardi hind"},"content":{"rendered":"\n<figure class=\"wp-block-image size-large\"><img loading=\"lazy\" decoding=\"async\" width=\"330\" height=\"213\" src=\"https:\/\/www.partnerkaart.ee\/wp-content\/uploads\/2021\/02\/partnerkaart-suur.png\" alt=\"\" class=\"wp-image-2000\" srcset=\"https:\/\/www.partnerkaart.ee\/wp-content\/uploads\/2021\/02\/partnerkaart-suur.png 330w, https:\/\/www.partnerkaart.ee\/wp-content\/uploads\/2021\/02\/partnerkaart-suur-300x194.png 300w\" sizes=\"auto, (max-width: 330px) 100vw, 330px\" \/><\/figure>\n\n\n\n<p><strong>Kui kaua Partnerkaart kehtib ja kui palju maksab?<\/strong><\/p>\n\n\n\n<p>Plast- ja virtuaalne Partnerkaart kehtib 3 aastat. <\/p>\n\n\n\n<p><strong>Virtuaalse Partnerkaardi taotlemine<\/strong>, <strong>vormistamine<\/strong> ja <strong>uuendamine<\/strong> Partnerkaardi \u00e4pis, Selveri, Delice\u00b4i ja Kaubamaja infoletis ja Partnerkaardi iseteeninduses on Sulle <strong>tasuta<\/strong>. <br><br><strong>Eelista virtuaalkaarti, kui ostled peamiselt Partnerkaardi \u00e4piga ja e-poes. Saad seda kohe kasutada ning see on Sulle turvaline. <\/strong>Virtuaalse Partnerkaardiga hoiad loodust ja v\u00e4ldid plastij\u00e4\u00e4tmeid!<\/p>\n\n\n\n<p>Kui soovid lisaks virtuaalkaardile plastist Partnerkaarti, p\u00f6\u00f6rdu palun Selveri, Delice\u2019i v\u00f5i Kaubamaja infoletti. Plastist esmase Partnerkaardi kaardi taotlemine maksab 1 \u20ac.<\/p>\n\n\n\n<p>Lastele, ISIC kaardi kasutajatele ja seenioritele alates 65. eluaastast on plast- ja virtuaalse Partnerkaardi taotlemine, kaardi uuendamine v\u00f5i asendamine <strong>tasuta<\/strong>.<\/p>\n\n\n\n<p>Kaotatud, varastatud v\u00f5i rikutud plastist Partnerkaardi asendamine maksab 1 \u20ac.<\/p>\n\n\n\n<p>P\u00e4rast kaardil m\u00e4rgitud kehtivusaja l\u00f5ppu saad plastist kaardi tasuta \u00fcmber vahetada 3 kuu jooksul. P\u00e4rast 3 kuu m\u00f6\u00f6dumist maksab plastist kaardi uuendamine 1 \u20ac. Virtuaalse Partnerkaardi uuendamine on Sulle <strong>tasuta<\/strong>.<\/p>\n\n\n\n<p>Aegunud kaardile kogunenud ostuboonus kantakse uuele kaardile p\u00e4rast selle aktiveerimist.<\/p>\n","protected":false},"excerpt":{"rendered":"<p>Kui kaua Partnerkaart kehtib ja kui palju maksab? Plast- ja virtuaalne Partnerkaart kehtib 3 aastat. Virtuaalse Partnerkaardi taotlemine, vormistamine ja&hellip;<\/p>\n","protected":false},"author":11,"featured_media":0,"parent":0,"menu_order":0,"comment_status":"closed","ping_status":"closed","template":"page-partnerkaart.php","meta":{"_acf_changed":false,"footnotes":""},"categories":[],"tags":[],"class_list":["post-769","page","type-page","status-publish","hentry"],"acf":[],"yoast_head":"<!-- This site is optimized with the Yoast SEO plugin v27.2 - https:\/\/yoast.com\/product\/yoast-seo-wordpress\/ -->\n<title>Partnerkaardi hind - Partnerkaart<\/title>\n<meta name=\"description\" content=\"Kui kaua Partnerkaart kehtib ja kui palju maksab?\" \/>\n<meta name=\"robots\" content=\"index, follow, max-snippet:-1, max-image-preview:large, max-video-preview:-1\" \/>\n<link rel=\"canonical\" href=\"https:\/\/www.partnerkaart.ee\/et\/partnerkaardi-hind\/\" \/>\n<meta property=\"og:locale\" content=\"et_EE\" \/>\n<meta property=\"og:type\" content=\"article\" \/>\n<meta property=\"og:title\" content=\"Partnerkaardi hind - Partnerkaart\" \/>\n<meta property=\"og:description\" content=\"Kui kaua Partnerkaart kehtib ja kui palju maksab?\" \/>\n<meta property=\"og:url\" content=\"https:\/\/www.partnerkaart.ee\/et\/partnerkaardi-hind\/\" \/>\n<meta property=\"og:site_name\" content=\"Partnerkaart\" \/>\n<meta property=\"article:modified_time\" content=\"2026-03-10T12:56:45+00:00\" \/>\n<meta property=\"og:image\" content=\"https:\/\/www.partnerkaart.ee\/wp-content\/uploads\/2021\/02\/partnerkaart-suur.png\" \/>\n\t<meta property=\"og:image:width\" content=\"330\" \/>\n\t<meta property=\"og:image:height\" content=\"213\" \/>\n\t<meta property=\"og:image:type\" content=\"image\/png\" \/>\n<meta name=\"twitter:card\" content=\"summary_large_image\" \/>\n<meta name=\"twitter:label1\" content=\"Est. reading time\" \/>\n\t<meta name=\"twitter:data1\" content=\"2 minutit\" \/>\n<script type=\"application\/ld+json\" class=\"yoast-schema-graph\">{\"@context\":\"https:\/\/schema.org\",\"@graph\":[{\"@type\":\"WebPage\",\"@id\":\"https:\/\/www.partnerkaart.ee\/et\/partnerkaardi-hind\/\",\"url\":\"https:\/\/www.partnerkaart.ee\/et\/partnerkaardi-hind\/\",\"name\":\"Partnerkaardi hind - Partnerkaart\",\"isPartOf\":{\"@id\":\"https:\/\/www.partnerkaart.ee\/et\/#website\"},\"primaryImageOfPage\":{\"@id\":\"https:\/\/www.partnerkaart.ee\/et\/partnerkaardi-hind\/#primaryimage\"},\"image\":{\"@id\":\"https:\/\/www.partnerkaart.ee\/et\/partnerkaardi-hind\/#primaryimage\"},\"thumbnailUrl\":\"https:\/\/www.partnerkaart.ee\/wp-content\/uploads\/2021\/02\/partnerkaart-suur.png\",\"datePublished\":\"2019-09-13T08:51:43+00:00\",\"dateModified\":\"2026-03-10T12:56:45+00:00\",\"description\":\"Kui kaua Partnerkaart kehtib ja kui palju maksab?\",\"breadcrumb\":{\"@id\":\"https:\/\/www.partnerkaart.ee\/et\/partnerkaardi-hind\/#breadcrumb\"},\"inLanguage\":\"et\",\"potentialAction\":[{\"@type\":\"ReadAction\",\"target\":[\"https:\/\/www.partnerkaart.ee\/et\/partnerkaardi-hind\/\"]}]},{\"@type\":\"ImageObject\",\"inLanguage\":\"et\",\"@id\":\"https:\/\/www.partnerkaart.ee\/et\/partnerkaardi-hind\/#primaryimage\",\"url\":\"https:\/\/www.partnerkaart.ee\/wp-content\/uploads\/2021\/02\/partnerkaart-suur.png\",\"contentUrl\":\"https:\/\/www.partnerkaart.ee\/wp-content\/uploads\/2021\/02\/partnerkaart-suur.png\"},{\"@type\":\"BreadcrumbList\",\"@id\":\"https:\/\/www.partnerkaart.ee\/et\/partnerkaardi-hind\/#breadcrumb\",\"itemListElement\":[{\"@type\":\"ListItem\",\"position\":1,\"name\":\"Home\",\"item\":\"https:\/\/www.partnerkaart.ee\/et\/\"},{\"@type\":\"ListItem\",\"position\":2,\"name\":\"Partnerkaardi hind\"}]},{\"@type\":\"WebSite\",\"@id\":\"https:\/\/www.partnerkaart.ee\/et\/#website\",\"url\":\"https:\/\/www.partnerkaart.ee\/et\/\",\"name\":\"Partnerkaart\",\"description\":\"\",\"potentialAction\":[{\"@type\":\"SearchAction\",\"target\":{\"@type\":\"EntryPoint\",\"urlTemplate\":\"https:\/\/www.partnerkaart.ee\/et\/?s={search_term_string}\"},\"query-input\":{\"@type\":\"PropertyValueSpecification\",\"valueRequired\":true,\"valueName\":\"search_term_string\"}}],\"inLanguage\":\"et\"}]}<\/script>\n<!-- \/ Yoast SEO plugin. -->","yoast_head_json":{"title":"Partnerkaardi hind - Partnerkaart","description":"Kui kaua Partnerkaart kehtib ja kui palju maksab?","robots":{"index":"index","follow":"follow","max-snippet":"max-snippet:-1","max-image-preview":"max-image-preview:large","max-video-preview":"max-video-preview:-1"},"canonical":"https:\/\/www.partnerkaart.ee\/et\/partnerkaardi-hind\/","og_locale":"et_EE","og_type":"article","og_title":"Partnerkaardi hind - Partnerkaart","og_description":"Kui kaua Partnerkaart kehtib ja kui palju maksab?","og_url":"https:\/\/www.partnerkaart.ee\/et\/partnerkaardi-hind\/","og_site_name":"Partnerkaart","article_modified_time":"2026-03-10T12:56:45+00:00","og_image":[{"width":330,"height":213,"url":"https:\/\/www.partnerkaart.ee\/wp-content\/uploads\/2021\/02\/partnerkaart-suur.png","type":"image\/png"}],"twitter_card":"summary_large_image","twitter_misc":{"Est. reading time":"2 minutit"},"schema":{"@context":"https:\/\/schema.org","@graph":[{"@type":"WebPage","@id":"https:\/\/www.partnerkaart.ee\/et\/partnerkaardi-hind\/","url":"https:\/\/www.partnerkaart.ee\/et\/partnerkaardi-hind\/","name":"Partnerkaardi hind - Partnerkaart","isPartOf":{"@id":"https:\/\/www.partnerkaart.ee\/et\/#website"},"primaryImageOfPage":{"@id":"https:\/\/www.partnerkaart.ee\/et\/partnerkaardi-hind\/#primaryimage"},"image":{"@id":"https:\/\/www.partnerkaart.ee\/et\/partnerkaardi-hind\/#primaryimage"},"thumbnailUrl":"https:\/\/www.partnerkaart.ee\/wp-content\/uploads\/2021\/02\/partnerkaart-suur.png","datePublished":"2019-09-13T08:51:43+00:00","dateModified":"2026-03-10T12:56:45+00:00","description":"Kui kaua Partnerkaart kehtib ja kui palju maksab?","breadcrumb":{"@id":"https:\/\/www.partnerkaart.ee\/et\/partnerkaardi-hind\/#breadcrumb"},"inLanguage":"et","potentialAction":[{"@type":"ReadAction","target":["https:\/\/www.partnerkaart.ee\/et\/partnerkaardi-hind\/"]}]},{"@type":"ImageObject","inLanguage":"et","@id":"https:\/\/www.partnerkaart.ee\/et\/partnerkaardi-hind\/#primaryimage","url":"https:\/\/www.partnerkaart.ee\/wp-content\/uploads\/2021\/02\/partnerkaart-suur.png","contentUrl":"https:\/\/www.partnerkaart.ee\/wp-content\/uploads\/2021\/02\/partnerkaart-suur.png"},{"@type":"BreadcrumbList","@id":"https:\/\/www.partnerkaart.ee\/et\/partnerkaardi-hind\/#breadcrumb","itemListElement":[{"@type":"ListItem","position":1,"name":"Home","item":"https:\/\/www.partnerkaart.ee\/et\/"},{"@type":"ListItem","position":2,"name":"Partnerkaardi hind"}]},{"@type":"WebSite","@id":"https:\/\/www.partnerkaart.ee\/et\/#website","url":"https:\/\/www.partnerkaart.ee\/et\/","name":"Partnerkaart","description":"","potentialAction":[{"@type":"SearchAction","target":{"@type":"EntryPoint","urlTemplate":"https:\/\/www.partnerkaart.ee\/et\/?s={search_term_string}"},"query-input":{"@type":"PropertyValueSpecification","valueRequired":true,"valueName":"search_term_string"}}],"inLanguage":"et"}]}},"_links":{"self":[{"href":"https:\/\/www.partnerkaart.ee\/et\/wp-json\/wp\/v2\/pages\/769","targetHints":{"allow":["GET"]}}],"collection":[{"href":"https:\/\/www.partnerkaart.ee\/et\/wp-json\/wp\/v2\/pages"}],"about":[{"href":"https:\/\/www.partnerkaart.ee\/et\/wp-json\/wp\/v2\/types\/page"}],"author":[{"embeddable":true,"href":"https:\/\/www.partnerkaart.ee\/et\/wp-json\/wp\/v2\/users\/11"}],"replies":[{"embeddable":true,"href":"https:\/\/www.partnerkaart.ee\/et\/wp-json\/wp\/v2\/comments?post=769"}],"version-history":[{"count":9,"href":"https:\/\/www.partnerkaart.ee\/et\/wp-json\/wp\/v2\/pages\/769\/revisions"}],"predecessor-version":[{"id":5658,"href":"https:\/\/www.partnerkaart.ee\/et\/wp-json\/wp\/v2\/pages\/769\/revisions\/5658"}],"wp:attachment":[{"href":"https:\/\/www.partnerkaart.ee\/et\/wp-json\/wp\/v2\/media?parent=769"}],"wp:term":[{"taxonomy":"category","embeddable":true,"href":"https:\/\/www.partnerkaart.ee\/et\/wp-json\/wp\/v2\/categories?post=769"},{"taxonomy":"post_tag","embeddable":true,"href":"https:\/\/www.partnerkaart.ee\/et\/wp-json\/wp\/v2\/tags?post=769"}],"curies":[{"name":"wp","href":"https:\/\/api.w.org\/{rel}","templated":true}]}}