{"id":772,"date":"2019-09-13T11:52:25","date_gmt":"2019-09-13T08:52:25","guid":{"rendered":"http:\/\/partnerkaart.test\/?page_id=772"},"modified":"2026-03-10T14:05:49","modified_gmt":"2026-03-10T12:05:49","slug":"kuidas-liituda-partnerkaardiga","status":"publish","type":"page","link":"https:\/\/www.partnerkaart.ee\/et\/kuidas-liituda-partnerkaardiga\/","title":{"rendered":"Kuidas liituda Partnerkaardiga?"},"content":{"rendered":"\n<figure class=\"wp-block-image size-large\"><img loading=\"lazy\" decoding=\"async\" width=\"330\" height=\"213\" src=\"https:\/\/www.partnerkaart.ee\/wp-content\/uploads\/2021\/02\/partnerkaart-suur.png\" alt=\"\" class=\"wp-image-2000\" srcset=\"https:\/\/www.partnerkaart.ee\/wp-content\/uploads\/2021\/02\/partnerkaart-suur.png 330w, https:\/\/www.partnerkaart.ee\/wp-content\/uploads\/2021\/02\/partnerkaart-suur-300x194.png 300w\" sizes=\"auto, (max-width: 330px) 100vw, 330px\" \/><\/figure>\n\n\n\n<p><strong>T\u00e4ida taotlus Kaubamaja, Selveri v\u00f5i Delice\u2019i infoletis, veebis <a href=\"https:\/\/www.partnerkaart.ee\/join\/\">www.partnerkaart.ee<\/a> v\u00f5i Partnerkaardi \u00e4pis. \u00c4pi saad alla laadida App Store\u2019ist v\u00f5i Google Play\u2019st.<\/strong><\/p>\n\n\n\n<p><strong>Eelista virtuaalkaarti, kui ostled peamiselt Partnerkaardi \u00e4piga ja e-poes. Saad seda kohe kasutada ning see on Sulle turvaline ja tasuta.<\/strong> Virtuaalse Partnerkaardiga hoiad loodust ja v\u00e4ldid plastij\u00e4\u00e4tmeid!<\/p>\n\n\n\n<p>Kui soovid lisaks virtuaalkaardile plastist Partnerkaarti, p\u00f6\u00f6rdu Selveri, Delice\u2019i v\u00f5i Kaubamaja infoletti.<\/p>\n\n\n\n<p>Plastist v\u00f5i digitaalset Partnerkaarti saab vormistada v\u00e4hemalt 7-aastasele eraisikule. Kaardi vormistamiseks infoletis esita isikut t\u00f5endav dokument. Plastist Partnerkaardi vormistamisel tasu kaardi maksumus. Nimelise kaardi saad infoletist kohe k\u00e4tte.<\/p>\n\n\n\n<p><\/p>\n\n\n\n<p><\/p>\n\n\n\n<p>Lapsevanem saab vormistada Partnerkaardi oma 7\u201317-aastasele (k.a) lapsele ainult Selveri, Delice\u2019i v\u00f5i Kaubamaja infoletis. Vastavate autentimisvahendite (ID-kaart, mobiil-ID, Smart-ID, pangalink) olemasolul on 13\u201317-aastastel (k.a) isikutel v\u00f5imalik Partnerkaardi taotlus ka ise esitada. Lapse Partnerkaardile laienevad k\u00f5ik Partnerkaardi soodustused. Liites oma l\u00e4hedased \u00fcheks peregrupiks, saad s\u00fcnnip\u00e4evasoodustust* nii enda kui pereliikmete s\u00fcnnip\u00e4evadel. Loe lisa&nbsp;<a href=\"https:\/\/www.partnerkaart.ee\/et\/tingimused\/\">peregrupi tingimuste<\/a>&nbsp;kohta. Liida oma pere&nbsp;<a href=\"https:\/\/www.partnerkaart.ee\/iseteenindus\/\">iseteeninduses<\/a>.&nbsp;&nbsp;<\/p>\n\n\n\n<p><strong>Esmase Partnerkaardi vormistamisel saad 10% soodustust<\/strong>!<\/p>\n\n\n\n<p>Esmasel liitumisel saad 10% soodustust Kaubamajas, Selveris, Delice\u00b4is ja I.L.U. kauplustes ning nende e-poodides.<br><strong>Soodustus kehtib esmase Partnerkaardi loomise p\u00e4eval ja sellele j\u00e4rgneval neljal p\u00e4eval \u2013 kokku 5 p\u00e4eva <\/strong>nii f\u00fc\u00fcsilise kui virtuaalse kaardiga. Soodustus laieneb ka Peregrupi liikmetele.<\/p>\n\n\n\n<p>NB! Soodustus kehtib&nbsp; tavahinnaga toodetele, v.a Partnerkaardi kampaaniad ja piirangutega kaubagrupid (nt perioodika, kinkekaardid, piletid, teenuskaubad jms).<\/p>\n\n\n\n<p><strong><a href=\"https:\/\/www.partnerkaart.ee\/iseteenindus\/\">Liitu Partnerkaardiga<\/a><\/strong><\/p>\n","protected":false},"excerpt":{"rendered":"<p>T\u00e4ida taotlus Kaubamaja, Selveri v\u00f5i Delice\u2019i infoletis, veebis www.partnerkaart.ee v\u00f5i Partnerkaardi \u00e4pis. \u00c4pi saad alla laadida App Store\u2019ist v\u00f5i Google&hellip;<\/p>\n","protected":false},"author":11,"featured_media":0,"parent":0,"menu_order":0,"comment_status":"closed","ping_status":"closed","template":"page-partnerkaart.php","meta":{"_acf_changed":false,"footnotes":""},"categories":[],"tags":[],"class_list":["post-772","page","type-page","status-publish","hentry"],"acf":[],"yoast_head":"<!-- This site is optimized with the Yoast SEO plugin v27.5 - https:\/\/yoast.com\/product\/yoast-seo-wordpress\/ -->\n<title>Kuidas liituda Partnerkaardiga? - Partnerkaart<\/title>\n<meta name=\"description\" content=\"T\u00e4ida taotlus Tallinna v\u00f5i Tartu Kaubamaja, Selveri v\u00f5i Delice\u00b4i infoletis v\u00f5i veebis www.partnerkaart.ee.\" \/>\n<meta name=\"robots\" content=\"index, follow, max-snippet:-1, max-image-preview:large, max-video-preview:-1\" \/>\n<link rel=\"canonical\" href=\"https:\/\/www.partnerkaart.ee\/et\/kuidas-liituda-partnerkaardiga\/\" \/>\n<meta property=\"og:locale\" content=\"et_EE\" \/>\n<meta property=\"og:type\" content=\"article\" \/>\n<meta property=\"og:title\" content=\"Kuidas liituda Partnerkaardiga? - Partnerkaart\" \/>\n<meta property=\"og:description\" content=\"T\u00e4ida taotlus Tallinna v\u00f5i Tartu Kaubamaja, Selveri v\u00f5i Delice\u00b4i infoletis v\u00f5i veebis www.partnerkaart.ee.\" \/>\n<meta property=\"og:url\" content=\"https:\/\/www.partnerkaart.ee\/et\/kuidas-liituda-partnerkaardiga\/\" \/>\n<meta property=\"og:site_name\" content=\"Partnerkaart\" \/>\n<meta property=\"article:modified_time\" content=\"2026-03-10T12:05:49+00:00\" \/>\n<meta property=\"og:image\" content=\"https:\/\/www.partnerkaart.ee\/wp-content\/uploads\/2021\/02\/partnerkaart-suur.png\" \/>\n\t<meta property=\"og:image:width\" content=\"330\" \/>\n\t<meta property=\"og:image:height\" content=\"213\" \/>\n\t<meta property=\"og:image:type\" content=\"image\/png\" \/>\n<meta name=\"twitter:card\" content=\"summary_large_image\" \/>\n<meta name=\"twitter:label1\" content=\"Est. reading time\" \/>\n\t<meta name=\"twitter:data1\" content=\"2 minutit\" \/>\n<script type=\"application\/ld+json\" class=\"yoast-schema-graph\">{\"@context\":\"https:\\\/\\\/schema.org\",\"@graph\":[{\"@type\":\"WebPage\",\"@id\":\"https:\\\/\\\/www.partnerkaart.ee\\\/et\\\/kuidas-liituda-partnerkaardiga\\\/\",\"url\":\"https:\\\/\\\/www.partnerkaart.ee\\\/et\\\/kuidas-liituda-partnerkaardiga\\\/\",\"name\":\"Kuidas liituda Partnerkaardiga? - Partnerkaart\",\"isPartOf\":{\"@id\":\"https:\\\/\\\/www.partnerkaart.ee\\\/et\\\/#website\"},\"primaryImageOfPage\":{\"@id\":\"https:\\\/\\\/www.partnerkaart.ee\\\/et\\\/kuidas-liituda-partnerkaardiga\\\/#primaryimage\"},\"image\":{\"@id\":\"https:\\\/\\\/www.partnerkaart.ee\\\/et\\\/kuidas-liituda-partnerkaardiga\\\/#primaryimage\"},\"thumbnailUrl\":\"https:\\\/\\\/www.partnerkaart.ee\\\/wp-content\\\/uploads\\\/2021\\\/02\\\/partnerkaart-suur.png\",\"datePublished\":\"2019-09-13T08:52:25+00:00\",\"dateModified\":\"2026-03-10T12:05:49+00:00\",\"description\":\"T\u00e4ida taotlus Tallinna v\u00f5i Tartu Kaubamaja, Selveri v\u00f5i Delice\u00b4i infoletis v\u00f5i veebis www.partnerkaart.ee.\",\"breadcrumb\":{\"@id\":\"https:\\\/\\\/www.partnerkaart.ee\\\/et\\\/kuidas-liituda-partnerkaardiga\\\/#breadcrumb\"},\"inLanguage\":\"et\",\"potentialAction\":[{\"@type\":\"ReadAction\",\"target\":[\"https:\\\/\\\/www.partnerkaart.ee\\\/et\\\/kuidas-liituda-partnerkaardiga\\\/\"]}]},{\"@type\":\"ImageObject\",\"inLanguage\":\"et\",\"@id\":\"https:\\\/\\\/www.partnerkaart.ee\\\/et\\\/kuidas-liituda-partnerkaardiga\\\/#primaryimage\",\"url\":\"https:\\\/\\\/www.partnerkaart.ee\\\/wp-content\\\/uploads\\\/2021\\\/02\\\/partnerkaart-suur.png\",\"contentUrl\":\"https:\\\/\\\/www.partnerkaart.ee\\\/wp-content\\\/uploads\\\/2021\\\/02\\\/partnerkaart-suur.png\"},{\"@type\":\"BreadcrumbList\",\"@id\":\"https:\\\/\\\/www.partnerkaart.ee\\\/et\\\/kuidas-liituda-partnerkaardiga\\\/#breadcrumb\",\"itemListElement\":[{\"@type\":\"ListItem\",\"position\":1,\"name\":\"Home\",\"item\":\"https:\\\/\\\/www.partnerkaart.ee\\\/et\\\/\"},{\"@type\":\"ListItem\",\"position\":2,\"name\":\"Kuidas liituda Partnerkaardiga?\"}]},{\"@type\":\"WebSite\",\"@id\":\"https:\\\/\\\/www.partnerkaart.ee\\\/et\\\/#website\",\"url\":\"https:\\\/\\\/www.partnerkaart.ee\\\/et\\\/\",\"name\":\"Partnerkaart\",\"description\":\"\",\"potentialAction\":[{\"@type\":\"SearchAction\",\"target\":{\"@type\":\"EntryPoint\",\"urlTemplate\":\"https:\\\/\\\/www.partnerkaart.ee\\\/et\\\/?s={search_term_string}\"},\"query-input\":{\"@type\":\"PropertyValueSpecification\",\"valueRequired\":true,\"valueName\":\"search_term_string\"}}],\"inLanguage\":\"et\"}]}<\/script>\n<!-- \/ Yoast SEO plugin. -->","yoast_head_json":{"title":"Kuidas liituda Partnerkaardiga? - Partnerkaart","description":"T\u00e4ida taotlus Tallinna v\u00f5i Tartu Kaubamaja, Selveri v\u00f5i Delice\u00b4i infoletis v\u00f5i veebis www.partnerkaart.ee.","robots":{"index":"index","follow":"follow","max-snippet":"max-snippet:-1","max-image-preview":"max-image-preview:large","max-video-preview":"max-video-preview:-1"},"canonical":"https:\/\/www.partnerkaart.ee\/et\/kuidas-liituda-partnerkaardiga\/","og_locale":"et_EE","og_type":"article","og_title":"Kuidas liituda Partnerkaardiga? - Partnerkaart","og_description":"T\u00e4ida taotlus Tallinna v\u00f5i Tartu Kaubamaja, Selveri v\u00f5i Delice\u00b4i infoletis v\u00f5i veebis www.partnerkaart.ee.","og_url":"https:\/\/www.partnerkaart.ee\/et\/kuidas-liituda-partnerkaardiga\/","og_site_name":"Partnerkaart","article_modified_time":"2026-03-10T12:05:49+00:00","og_image":[{"width":330,"height":213,"url":"https:\/\/www.partnerkaart.ee\/wp-content\/uploads\/2021\/02\/partnerkaart-suur.png","type":"image\/png"}],"twitter_card":"summary_large_image","twitter_misc":{"Est. reading time":"2 minutit"},"schema":{"@context":"https:\/\/schema.org","@graph":[{"@type":"WebPage","@id":"https:\/\/www.partnerkaart.ee\/et\/kuidas-liituda-partnerkaardiga\/","url":"https:\/\/www.partnerkaart.ee\/et\/kuidas-liituda-partnerkaardiga\/","name":"Kuidas liituda Partnerkaardiga? - Partnerkaart","isPartOf":{"@id":"https:\/\/www.partnerkaart.ee\/et\/#website"},"primaryImageOfPage":{"@id":"https:\/\/www.partnerkaart.ee\/et\/kuidas-liituda-partnerkaardiga\/#primaryimage"},"image":{"@id":"https:\/\/www.partnerkaart.ee\/et\/kuidas-liituda-partnerkaardiga\/#primaryimage"},"thumbnailUrl":"https:\/\/www.partnerkaart.ee\/wp-content\/uploads\/2021\/02\/partnerkaart-suur.png","datePublished":"2019-09-13T08:52:25+00:00","dateModified":"2026-03-10T12:05:49+00:00","description":"T\u00e4ida taotlus Tallinna v\u00f5i Tartu Kaubamaja, Selveri v\u00f5i Delice\u00b4i infoletis v\u00f5i veebis www.partnerkaart.ee.","breadcrumb":{"@id":"https:\/\/www.partnerkaart.ee\/et\/kuidas-liituda-partnerkaardiga\/#breadcrumb"},"inLanguage":"et","potentialAction":[{"@type":"ReadAction","target":["https:\/\/www.partnerkaart.ee\/et\/kuidas-liituda-partnerkaardiga\/"]}]},{"@type":"ImageObject","inLanguage":"et","@id":"https:\/\/www.partnerkaart.ee\/et\/kuidas-liituda-partnerkaardiga\/#primaryimage","url":"https:\/\/www.partnerkaart.ee\/wp-content\/uploads\/2021\/02\/partnerkaart-suur.png","contentUrl":"https:\/\/www.partnerkaart.ee\/wp-content\/uploads\/2021\/02\/partnerkaart-suur.png"},{"@type":"BreadcrumbList","@id":"https:\/\/www.partnerkaart.ee\/et\/kuidas-liituda-partnerkaardiga\/#breadcrumb","itemListElement":[{"@type":"ListItem","position":1,"name":"Home","item":"https:\/\/www.partnerkaart.ee\/et\/"},{"@type":"ListItem","position":2,"name":"Kuidas liituda Partnerkaardiga?"}]},{"@type":"WebSite","@id":"https:\/\/www.partnerkaart.ee\/et\/#website","url":"https:\/\/www.partnerkaart.ee\/et\/","name":"Partnerkaart","description":"","potentialAction":[{"@type":"SearchAction","target":{"@type":"EntryPoint","urlTemplate":"https:\/\/www.partnerkaart.ee\/et\/?s={search_term_string}"},"query-input":{"@type":"PropertyValueSpecification","valueRequired":true,"valueName":"search_term_string"}}],"inLanguage":"et"}]}},"_links":{"self":[{"href":"https:\/\/www.partnerkaart.ee\/et\/wp-json\/wp\/v2\/pages\/772","targetHints":{"allow":["GET"]}}],"collection":[{"href":"https:\/\/www.partnerkaart.ee\/et\/wp-json\/wp\/v2\/pages"}],"about":[{"href":"https:\/\/www.partnerkaart.ee\/et\/wp-json\/wp\/v2\/types\/page"}],"author":[{"embeddable":true,"href":"https:\/\/www.partnerkaart.ee\/et\/wp-json\/wp\/v2\/users\/11"}],"replies":[{"embeddable":true,"href":"https:\/\/www.partnerkaart.ee\/et\/wp-json\/wp\/v2\/comments?post=772"}],"version-history":[{"count":7,"href":"https:\/\/www.partnerkaart.ee\/et\/wp-json\/wp\/v2\/pages\/772\/revisions"}],"predecessor-version":[{"id":5639,"href":"https:\/\/www.partnerkaart.ee\/et\/wp-json\/wp\/v2\/pages\/772\/revisions\/5639"}],"wp:attachment":[{"href":"https:\/\/www.partnerkaart.ee\/et\/wp-json\/wp\/v2\/media?parent=772"}],"wp:term":[{"taxonomy":"category","embeddable":true,"href":"https:\/\/www.partnerkaart.ee\/et\/wp-json\/wp\/v2\/categories?post=772"},{"taxonomy":"post_tag","embeddable":true,"href":"https:\/\/www.partnerkaart.ee\/et\/wp-json\/wp\/v2\/tags?post=772"}],"curies":[{"name":"wp","href":"https:\/\/api.w.org\/{rel}","templated":true}]}}